{"id":167,"date":"2022-02-01T14:55:53","date_gmt":"2022-02-01T13:55:53","guid":{"rendered":"http:\/\/gamla.folmer.se\/?page_id=167"},"modified":"2023-01-17T13:08:24","modified_gmt":"2023-01-17T12:08:24","slug":"om-mig","status":"publish","type":"page","link":"https:\/\/gamla.folmer.se\/?page_id=167","title":{"rendered":"Om mig"},"content":{"rendered":"\n<p>Min f\u00f6rsta kamera var en Rolleiflex, format 6&#215;6 cm, jag var d\u00e5 \u00e5tta \u00e5r. Sedan dess har en kamera varit en trogen f\u00f6ljeslagare. Det mest fantastiska med att vara fotograf \u00e4r att kameran \u00e4r som en sorts biljett till det ok\u00e4nda. Att fotografera och utforska ett fr\u00e4mmande land, gatulivet i en stad, m\u00f6ta sp\u00e4nnande m\u00e4nniskor, har blivit ett s\u00e4tt f\u00f6r mig att leva och att f\u00e5 k\u00e4nna tillfredst\u00e4llelse \u00f6ver att ta en bra bild. Vad \u00e4r d\u00e5 en bra bild? Det \u00e4r, oavsett vad bilden skall anv\u00e4ndas till, en bild som har ett inneh\u00e5ll, ett budskap och som engagerar betraktaren.<\/p>\n\n\n<div class=\"wp-block-image is-style-default\">\n<figure class=\"aligncenter size-full\"><img loading=\"lazy\" decoding=\"async\" width=\"248\" height=\"248\" src=\"http:\/\/gamla.folmer.se\/wp-content\/uploads\/2023\/01\/A1903215-2.jpg\" alt=\"\" class=\"wp-image-732\" srcset=\"https:\/\/gamla.folmer.se\/wp-content\/uploads\/2023\/01\/A1903215-2.jpg 248w, https:\/\/gamla.folmer.se\/wp-content\/uploads\/2023\/01\/A1903215-2-150x150.jpg 150w\" sizes=\"auto, (max-width: 248px) 100vw, 248px\" \/><\/figure>\n<\/div>","protected":false},"excerpt":{"rendered":"<p>Min f\u00f6rsta kamera var en Rolleiflex, format 6&#215;6 cm, jag var d\u00e5 \u00e5tta \u00e5r. Sedan dess har en kamera varit<\/p>\n<p><a href=\"https:\/\/gamla.folmer.se\/?page_id=167\" class=\"more-link\">Forts\u00e4tt l\u00e4sa<span class=\"screen-reader-text\">Om mig<\/span><\/a><\/p>\n","protected":false},"author":1,"featured_media":0,"parent":0,"menu_order":0,"comment_status":"closed","ping_status":"closed","template":"","meta":{"footnotes":""},"class_list":["post-167","page","type-page","status-publish","hentry"],"_links":{"self":[{"href":"https:\/\/gamla.folmer.se\/index.php?rest_route=\/wp\/v2\/pages\/167","targetHints":{"allow":["GET"]}}],"collection":[{"href":"https:\/\/gamla.folmer.se\/index.php?rest_route=\/wp\/v2\/pages"}],"about":[{"href":"https:\/\/gamla.folmer.se\/index.php?rest_route=\/wp\/v2\/types\/page"}],"author":[{"embeddable":true,"href":"https:\/\/gamla.folmer.se\/index.php?rest_route=\/wp\/v2\/users\/1"}],"replies":[{"embeddable":true,"href":"https:\/\/gamla.folmer.se\/index.php?rest_route=%2Fwp%2Fv2%2Fcomments&post=167"}],"version-history":[{"count":4,"href":"https:\/\/gamla.folmer.se\/index.php?rest_route=\/wp\/v2\/pages\/167\/revisions"}],"predecessor-version":[{"id":733,"href":"https:\/\/gamla.folmer.se\/index.php?rest_route=\/wp\/v2\/pages\/167\/revisions\/733"}],"wp:attachment":[{"href":"https:\/\/gamla.folmer.se\/index.php?rest_route=%2Fwp%2Fv2%2Fmedia&parent=167"}],"curies":[{"name":"wp","href":"https:\/\/api.w.org\/{rel}","templated":true}]}}