{"id":2,"date":"2022-01-31T11:19:59","date_gmt":"2022-01-31T10:19:59","guid":{"rendered":"http:\/\/gamla.folmer.se\/?page_id=2"},"modified":"2022-02-12T22:13:51","modified_gmt":"2022-02-12T21:13:51","slug":"exempelsida","status":"publish","type":"page","link":"https:\/\/gamla.folmer.se\/","title":{"rendered":"Vad \u00e4r Street photography"},"content":{"rendered":"\n<p class=\"has-text-align-left\">Street photography eller gatufotografi \u00e4r en form av dokument\u00e4rfotografi d\u00e4r fotografen och objektet befinner sig i verkliga situationer i offentliga rum s\u00e5som gator, parker, str\u00e4nder, gallerior, politiska m\u00f6ten osv.<\/p>\n\n\n\n<p class=\"has-text-align-left\">Gatufotografi kr\u00e4ver dock inte n\u00e4rvaro av en gata, m\u00e4nniskor eller stadsmilj\u00f6. Den engelska definitionen s\u00e4ger det b\u00e4st: &#8221;The subject of the photograph might be absent of people and can be an object or an environment where the image projects a decidedly human character&#8221;.<\/p>\n\n\n\n<p class=\"has-text-align-left\">Gatufotografi anv\u00e4nder sig av den rena fotografins tekniker p\u00e5 s\u00e5 s\u00e4tt att den visar upp en objektiv, ren bild av n\u00e5got (bildligt sett en &#8221;spegling av samh\u00e4llet&#8221;). M\u00e5nga av gatufotografins klassiska verk skapades under perioden mellan ungef\u00e4r 1890 och 1975 och sammanf\u00f6ll med inf\u00f6randet av b\u00e4rbara kameror, s\u00e4rskilt m\u00e4ts\u00f6karkameror som anv\u00e4nder sm\u00e5bildsformatet. Utvecklingen av allt mer avancerade och l\u00e4tthanterliga digitalkameror, inte minst mobiltelefonkameror, har gjort gatufotografi popul\u00e4rt. I m\u00e5nga st\u00e4der arrangeras gatufoto &#8221;i grupp&#8221;, s\u00e5 kallade fotopromenader som ibland samlar upp mot ett hundratal deltagare eller fler.<\/p>\n\n\n\n<div class=\"wp-block-columns is-layout-flex wp-container-core-columns-is-layout-9d6595d7 wp-block-columns-is-layout-flex\">\n<div class=\"wp-block-column is-layout-flow wp-block-column-is-layout-flow\" style=\"flex-basis:50%\"><\/div>\n\n\n\n<div class=\"wp-block-column is-layout-flow wp-block-column-is-layout-flow\" style=\"flex-basis:50%\"><\/div>\n<\/div>\n\n\n\n<div class=\"wp-block-columns is-layout-flex wp-container-core-columns-is-layout-9d6595d7 wp-block-columns-is-layout-flex\">\n<div class=\"wp-block-column is-layout-flow wp-block-column-is-layout-flow\" style=\"flex-basis:50%\"><\/div>\n\n\n\n<div class=\"wp-block-column is-layout-flow wp-block-column-is-layout-flow\" style=\"flex-basis:50%\"><\/div>\n<\/div>\n\n\n\n<div class=\"wp-block-columns is-layout-flex wp-container-core-columns-is-layout-9d6595d7 wp-block-columns-is-layout-flex\">\n<div class=\"wp-block-column is-layout-flow wp-block-column-is-layout-flow\" style=\"flex-basis:50%\"><\/div>\n\n\n\n<div class=\"wp-block-column is-layout-flow wp-block-column-is-layout-flow\" style=\"flex-basis:50%\"><\/div>\n<\/div>\n\n\n\n<div class=\"wp-block-columns is-layout-flex wp-container-core-columns-is-layout-9d6595d7 wp-block-columns-is-layout-flex\">\n<div class=\"wp-block-column is-layout-flow wp-block-column-is-layout-flow\" style=\"flex-basis:50%\"><\/div>\n\n\n\n<div class=\"wp-block-column is-layout-flow wp-block-column-is-layout-flow\" style=\"flex-basis:50%\"><\/div>\n<\/div>\n\n\n\n<div class=\"wp-block-columns is-layout-flex wp-container-core-columns-is-layout-9d6595d7 wp-block-columns-is-layout-flex\">\n<div class=\"wp-block-column is-layout-flow wp-block-column-is-layout-flow\" style=\"flex-basis:50%\"><\/div>\n\n\n\n<div class=\"wp-block-column is-layout-flow wp-block-column-is-layout-flow\" style=\"flex-basis:50%\"><\/div>\n<\/div>\n","protected":false},"excerpt":{"rendered":"<p>Street photography eller gatufotografi \u00e4r en form av dokument\u00e4rfotografi d\u00e4r fotografen och objektet befinner sig i verkliga situationer i offentliga<\/p>\n<p><a href=\"https:\/\/gamla.folmer.se\/\" class=\"more-link\">Forts\u00e4tt l\u00e4sa<span class=\"screen-reader-text\">Vad \u00e4r Street photography<\/span><\/a><\/p>\n","protected":false},"author":1,"featured_media":0,"parent":0,"menu_order":0,"comment_status":"closed","ping_status":"open","template":"","meta":{"footnotes":""},"class_list":["post-2","page","type-page","status-publish","hentry"],"_links":{"self":[{"href":"https:\/\/gamla.folmer.se\/index.php?rest_route=\/wp\/v2\/pages\/2","targetHints":{"allow":["GET"]}}],"collection":[{"href":"https:\/\/gamla.folmer.se\/index.php?rest_route=\/wp\/v2\/pages"}],"about":[{"href":"https:\/\/gamla.folmer.se\/index.php?rest_route=\/wp\/v2\/types\/page"}],"author":[{"embeddable":true,"href":"https:\/\/gamla.folmer.se\/index.php?rest_route=\/wp\/v2\/users\/1"}],"replies":[{"embeddable":true,"href":"https:\/\/gamla.folmer.se\/index.php?rest_route=%2Fwp%2Fv2%2Fcomments&post=2"}],"version-history":[{"count":36,"href":"https:\/\/gamla.folmer.se\/index.php?rest_route=\/wp\/v2\/pages\/2\/revisions"}],"predecessor-version":[{"id":300,"href":"https:\/\/gamla.folmer.se\/index.php?rest_route=\/wp\/v2\/pages\/2\/revisions\/300"}],"wp:attachment":[{"href":"https:\/\/gamla.folmer.se\/index.php?rest_route=%2Fwp%2Fv2%2Fmedia&parent=2"}],"curies":[{"name":"wp","href":"https:\/\/api.w.org\/{rel}","templated":true}]}}